{"id":427,"date":"2024-07-30T13:39:37","date_gmt":"2024-07-30T13:39:37","guid":{"rendered":"https:\/\/ailadz.com\/?page_id=427"},"modified":"2024-07-30T14:05:27","modified_gmt":"2024-07-30T14:05:27","slug":"recommandations-aux-orateurs","status":"publish","type":"page","link":"https:\/\/ailadz.com\/index.php\/recommandations-aux-orateurs\/","title":{"rendered":"Recommandations aux auteurs"},"content":{"rendered":"<div class=\"fusion-fullwidth fullwidth-box fusion-builder-row-1 fusion-flex-container nonhundred-percent-fullwidth non-hundred-percent-height-scrolling\" style=\"--awb-border-radius-top-left:0px;--awb-border-radius-top-right:0px;--awb-border-radius-bottom-right:0px;--awb-border-radius-bottom-left:0px;\" ><div class=\"fusion-builder-row fusion-row fusion-flex-align-items-flex-start\" style=\"max-width:1248px;margin-left: calc(-4% \/ 2 );margin-right: calc(-4% \/ 2 );\"><div class=\"fusion-layout-column fusion_builder_column fusion-builder-column-0 fusion_builder_column_1_1 1_1 fusion-flex-column\" style=\"--awb-bg-blend:overlay;--awb-bg-size:cover;--awb-width-large:100%;--awb-margin-top-large:0px;--awb-spacing-right-large:1.92%;--awb-margin-bottom-large:0px;--awb-spacing-left-large:1.92%;--awb-width-medium:100%;--awb-spacing-right-medium:1.92%;--awb-spacing-left-medium:1.92%;--awb-width-small:100%;--awb-spacing-right-small:1.92%;--awb-spacing-left-small:1.92%;\"><div class=\"fusion-column-wrapper fusion-flex-justify-content-flex-start fusion-content-layout-column\"><div class=\"fusion-text fusion-text-1\"><p data-fusion-font=\"true\" data-fusion-google-font=\"Merriweather\" data-fusion-google-variant=\"400\" style=\"font-family: Merriweather;\"><b>Recommandations aux ORATEURS<\/b><\/p>\n<p data-fusion-font=\"true\" data-fusion-google-font=\"Merriweather\" data-fusion-google-variant=\"400\" style=\"font-family: Merriweather; font-weight: 400;\">\u2022 Toutes les pr\u00e9sentations doivent \u00eatre pr\u00e9par\u00e9es pour PC.<\/p>\n<p data-fusion-font=\"true\" data-fusion-google-font=\"Merriweather\" data-fusion-google-variant=\"400\" style=\"font-family: Merriweather;\"><b>\u2022 Votre ordinateur ne pourra pas \u00eatre utilis\u00e9 dans la salle de conf\u00e9rences.<\/b><\/p>\n<p data-fusion-font=\"true\" data-fusion-google-font=\"Merriweather\" data-fusion-google-variant=\"400\" style=\"font-family: Merriweather; font-weight: 400;\">\u2022 Merci de vous pr\u00e9senter en pr\u00e9-projection muni d\u2019une cl\u00e9 USB, dans tous les cas, passez \u00e0 la salle de projection deux (02) heures avant le d\u00e9but de la s\u00e9ance o\u00f9 votre intervention est inscrite pour v\u00e9rifier que votre pr\u00e9sentation est conforme.<\/p>\n<p data-fusion-font=\"true\" data-fusion-google-font=\"Merriweather\" data-fusion-google-variant=\"400\" style=\"font-family: Merriweather; font-weight: 400;\">\u2022 Supports autoris\u00e9s (format\u00e9s PC) : Disque dur externe, cl\u00e9 USB.<\/p>\n<p data-fusion-font=\"true\" data-fusion-google-font=\"Merriweather\" data-fusion-google-variant=\"400\" style=\"font-family: Merriweather; font-weight: 400;\">\u2022 Logiciels autoris\u00e9s : Les pr\u00e9sentations doivent \u00eatre enregistr\u00e9es sous Power Point, 2017, 2019 ou 2021;<\/p>\n<p data-fusion-font=\"true\" data-fusion-google-font=\"Merriweather\" data-fusion-google-variant=\"400\" style=\"font-family: Merriweather; font-weight: 400;\">Les photos doivent \u00eatre en format .jpg, .gif, .tif, ou bmp;<\/p>\n<p data-fusion-font=\"true\" data-fusion-google-font=\"Merriweather\" data-fusion-google-variant=\"400\" style=\"font-family: Merriweather; font-weight: 400;\">Les vid\u00e9os int\u00e9gr\u00e9es \u00e0 votre pr\u00e9sentation doivent \u00eatre au format .mpg, .mpeg, .avi.<\/p>\n<p data-fusion-font=\"true\" data-fusion-google-font=\"Merriweather\" data-fusion-google-variant=\"400\" style=\"font-family: Merriweather;\"><b>\u2022 Le cas \u00e9ch\u00e9ant, n\u2019oubliez pas de fournir votre fichier vid\u00e9o avec votre pr\u00e9sentation Power Point.<\/b><\/p>\n<p data-fusion-font=\"true\" data-fusion-google-font=\"Merriweather\" data-fusion-google-variant=\"400\" style=\"font-family: Merriweather; font-weight: 400;\">\u2022 <u>Polices<\/u>: merci d\u2019utiliser des polices classiques reconnues par les PC (Times, Arial,&#8230;) et d\u2019utiliser la police Windings pour les caract\u00e8res sp\u00e9ciaux, symboles et puces.<\/p>\n<p data-fusion-font=\"true\" data-fusion-google-font=\"Merriweather\" data-fusion-google-variant=\"400\" style=\"font-family: Merriweather;\"><span style=\"font-weight: 400;\">\u2022<\/span><b> Strict respect du temps imparti (voir programme).<\/b><\/p>\n<p data-fusion-font=\"true\" data-fusion-google-font=\"Merriweather\" data-fusion-google-variant=\"400\" style=\"font-family: Merriweather;\"><b>\u2022 Les mod\u00e9rateurs sont pri\u00e9s de veiller au strict respect de l\u2019horaire des s\u00e9ances ainsi que du temps de parole des communicants.<\/b><\/p>\n<p data-fusion-font=\"true\" data-fusion-google-font=\"Merriweather\" data-fusion-google-variant=\"400\" style=\"font-family: Merriweather;\"><b style=\"color: rgb(155, 15, 57);\">\u2022 Le port du badge est obligatoire pendant toute la dur\u00e9e du congr\u00e8s.<\/b><\/p>\n<\/div><\/div><\/div><\/div><\/div>\n","protected":false},"excerpt":{"rendered":"","protected":false},"author":1,"featured_media":0,"parent":0,"menu_order":0,"comment_status":"closed","ping_status":"closed","template":"100-width.php","meta":{"footnotes":""},"class_list":["post-427","page","type-page","status-publish","hentry"],"_links":{"self":[{"href":"https:\/\/ailadz.com\/index.php\/wp-json\/wp\/v2\/pages\/427","targetHints":{"allow":["GET"]}}],"collection":[{"href":"https:\/\/ailadz.com\/index.php\/wp-json\/wp\/v2\/pages"}],"about":[{"href":"https:\/\/ailadz.com\/index.php\/wp-json\/wp\/v2\/types\/page"}],"author":[{"embeddable":true,"href":"https:\/\/ailadz.com\/index.php\/wp-json\/wp\/v2\/users\/1"}],"replies":[{"embeddable":true,"href":"https:\/\/ailadz.com\/index.php\/wp-json\/wp\/v2\/comments?post=427"}],"version-history":[{"count":10,"href":"https:\/\/ailadz.com\/index.php\/wp-json\/wp\/v2\/pages\/427\/revisions"}],"predecessor-version":[{"id":459,"href":"https:\/\/ailadz.com\/index.php\/wp-json\/wp\/v2\/pages\/427\/revisions\/459"}],"wp:attachment":[{"href":"https:\/\/ailadz.com\/index.php\/wp-json\/wp\/v2\/media?parent=427"}],"curies":[{"name":"wp","href":"https:\/\/api.w.org\/{rel}","templated":true}]}}