{"id":428,"date":"2024-07-30T13:44:02","date_gmt":"2024-07-30T13:44:02","guid":{"rendered":"https:\/\/ailadz.com\/?page_id=428"},"modified":"2024-08-29T06:22:54","modified_gmt":"2024-08-29T06:22:54","slug":"recommandations-eposters","status":"publish","type":"page","link":"https:\/\/ailadz.com\/index.php\/recommandations-eposters\/","title":{"rendered":"RECOMMANDATIONS EPOSTERS"},"content":{"rendered":"<div class=\"fusion-fullwidth fullwidth-box fusion-builder-row-1 fusion-flex-container nonhundred-percent-fullwidth non-hundred-percent-height-scrolling\" style=\"--awb-border-radius-top-left:0px;--awb-border-radius-top-right:0px;--awb-border-radius-bottom-right:0px;--awb-border-radius-bottom-left:0px;\" ><div class=\"fusion-builder-row fusion-row fusion-flex-align-items-flex-start\" style=\"max-width:1248px;margin-left: calc(-4% \/ 2 );margin-right: calc(-4% \/ 2 );\"><div class=\"fusion-layout-column fusion_builder_column fusion-builder-column-0 fusion_builder_column_1_1 1_1 fusion-flex-column\" style=\"--awb-bg-size:cover;--awb-width-large:100%;--awb-margin-top-large:0px;--awb-spacing-right-large:1.92%;--awb-margin-bottom-large:20px;--awb-spacing-left-large:1.92%;--awb-width-medium:100%;--awb-order-medium:0;--awb-spacing-right-medium:1.92%;--awb-spacing-left-medium:1.92%;--awb-width-small:100%;--awb-order-small:0;--awb-spacing-right-small:1.92%;--awb-spacing-left-small:1.92%;\"><div class=\"fusion-column-wrapper fusion-column-has-shadow fusion-flex-justify-content-flex-start fusion-content-layout-column\"><\/div><\/div><div class=\"fusion-layout-column fusion_builder_column fusion-builder-column-1 fusion_builder_column_1_1 1_1 fusion-flex-column\" style=\"--awb-bg-blend:overlay;--awb-bg-size:cover;--awb-width-large:100%;--awb-margin-top-large:0px;--awb-spacing-right-large:1.92%;--awb-margin-bottom-large:0px;--awb-spacing-left-large:1.92%;--awb-width-medium:100%;--awb-spacing-right-medium:1.92%;--awb-spacing-left-medium:1.92%;--awb-width-small:100%;--awb-spacing-right-small:1.92%;--awb-spacing-left-small:1.92%;\"><div class=\"fusion-column-wrapper fusion-flex-justify-content-flex-start fusion-content-layout-column\"><div class=\"fusion-text fusion-text-1\"><p style=\"font-family: Merriweather; font-weight: 400;\" data-fusion-font=\"true\" data-fusion-google-font=\"Merriweather\" data-fusion-google-variant=\"400\">\n<p style=\"text-align: center; font-family: Merriweather;\" data-fusion-font=\"true\" data-fusion-google-font=\"Merriweather\" data-fusion-google-variant=\"400\"><span style=\"color: var(--awb-text-color); font-family: var(--awb-text-font-family); font-size: var(--awb-font-size); font-style: var(--awb-text-font-style); letter-spacing: var(--awb-letter-spacing); text-align: var(--awb-content-alignment); text-transform: var(--awb-text-transform); background-color: var(--awb-bg-color);\"><b>RECOMMANDATIONS EPOSTERS<\/b><\/span><\/p>\n<p style=\"font-family: Merriweather;\" data-fusion-font=\"true\" data-fusion-google-font=\"Merriweather\" data-fusion-google-variant=\"400\"><span style=\"font-weight: 400;\">Les communications affich\u00e9es <\/span><b>ACCEPTEES <\/b>doivent \u00eatre pr\u00e9sent\u00e9es sous forme \u00e9lectronique (E-poster).<\/p>\n<p><span style=\"font-family: Merriweather; font-weight: 400;\" data-fusion-font=\"true\" data-fusion-google-font=\"Merriweather\" data-fusion-google-variant=\"400\">&#8211; Votre poster doit parvenir par email \u00e0 :<\/span> <b><span style=\"color: rgb(0, 37, 170);\">eposters@ailadz.com <\/span><span style=\"font-family: Merriweather;\" data-fusion-font=\"true\" data-fusion-google-font=\"Merriweather\" data-fusion-google-variant=\"400\"> ,<\/span><\/b><span style=\"font-family: Merriweather; font-weight: 400;\" data-fusion-font=\"true\" data-fusion-google-font=\"Merriweather\" data-fusion-google-variant=\"400\"> vueillez \u00e0 pr\u00e9ciser dans l\u2019objet du message : poster n\u00b0\u2026<\/span><\/p>\n<p><span style=\"font-family: Merriweather;\" data-fusion-font=\"true\" data-fusion-google-font=\"Merriweather\" data-fusion-google-variant=\"700\"><b style=\"font-size: 18px; font-family: Merriweather;\" data-fusion-font=\"true\" data-fusion-google-font=\"Merriweather\" data-fusion-google-variant=\"400\">Consignes \u00e0 observer : <\/b><\/span><\/p>\n<p><span style=\"font-family: Merriweather;\" data-fusion-font=\"true\" data-fusion-google-font=\"Merriweather\" data-fusion-google-variant=\"700\"><b style=\"font-family: Merriweather; font-weight: 400;\" data-fusion-font=\"true\" data-fusion-google-font=\"Merriweather\" data-fusion-google-variant=\"400\">&#8211; Il doit \u00eatre \u00e0 la dimension A0 (84cm <\/b><i><b style=\"font-family: Merriweather; font-weight: 400;\" data-fusion-font=\"true\" data-fusion-google-font=\"Merriweather\" data-fusion-google-variant=\"400\">(<\/b><\/i><\/span><span style=\"font-family: Merriweather;\" data-fusion-font=\"true\" data-fusion-google-font=\"Merriweather\" data-fusion-google-variant=\"700\"><i><b style=\"font-family: Merriweather; font-weight: 400;\" data-fusion-font=\"true\" data-fusion-google-font=\"Merriweather\" data-fusion-google-variant=\"400\">largeur)<\/b><\/i><b style=\"font-family: Merriweather; font-weight: 400;\" data-fusion-font=\"true\" data-fusion-google-font=\"Merriweather\" data-fusion-google-variant=\"400\"> <\/b><\/span><span style=\"font-family: Merriweather; font-weight: 400;\" data-fusion-font=\"true\" data-fusion-google-font=\"Merriweather\" data-fusion-google-variant=\"400\">X 120cm (<\/span><strong style=\"font-family: Merriweather; font-weight: 400;\" data-fusion-font=\"true\" data-fusion-google-font=\"Merriweather\" data-fusion-google-variant=\"400\">hauteur<\/strong><span style=\"font-family: Merriweather; font-weight: 400;\" data-fusion-font=\"true\" data-fusion-google-font=\"Merriweather\" data-fusion-google-variant=\"400\">) <\/span><strong style=\"font-family: Merriweather; font-weight: 400;\" data-fusion-font=\"true\" data-fusion-google-font=\"Merriweather\" data-fusion-google-variant=\"400\">format PORTRAIT<\/strong><span style=\"font-family: Merriweather; font-weight: 400;\" data-fusion-font=\"true\" data-fusion-google-font=\"Merriweather\" data-fusion-google-variant=\"400\">)<\/span><\/p>\n<p style=\"font-family: Merriweather; font-weight: 400;\" data-fusion-font=\"true\" data-fusion-google-font=\"Merriweather\" data-fusion-google-variant=\"400\">&#8211; Il ne doit comporter qu\u2019une seule planche<\/p>\n<p style=\"font-family: Merriweather; font-weight: 400;\" data-fusion-font=\"true\" data-fusion-google-font=\"Merriweather\" data-fusion-google-variant=\"400\">&#8211; Le fichier doit \u00eatre au format PDF<\/p>\n<p style=\"font-family: Merriweather; font-weight: 400;\" data-fusion-font=\"true\" data-fusion-google-font=\"Merriweather\" data-fusion-google-variant=\"400\">&#8211; Le nom du fichier doit-\u00eatre le num\u00e9ro de votre poster, exemple : pour le poster n\u00b0 56 le nom sera : 56.pdf (voir liste des communications affich\u00e9es)<b> <\/b><\/p>\n<\/div><\/div><\/div><\/div><\/div>\n","protected":false},"excerpt":{"rendered":"","protected":false},"author":1,"featured_media":0,"parent":0,"menu_order":0,"comment_status":"closed","ping_status":"closed","template":"100-width.php","meta":{"footnotes":""},"class_list":["post-428","page","type-page","status-publish","hentry"],"_links":{"self":[{"href":"https:\/\/ailadz.com\/index.php\/wp-json\/wp\/v2\/pages\/428","targetHints":{"allow":["GET"]}}],"collection":[{"href":"https:\/\/ailadz.com\/index.php\/wp-json\/wp\/v2\/pages"}],"about":[{"href":"https:\/\/ailadz.com\/index.php\/wp-json\/wp\/v2\/types\/page"}],"author":[{"embeddable":true,"href":"https:\/\/ailadz.com\/index.php\/wp-json\/wp\/v2\/users\/1"}],"replies":[{"embeddable":true,"href":"https:\/\/ailadz.com\/index.php\/wp-json\/wp\/v2\/comments?post=428"}],"version-history":[{"count":7,"href":"https:\/\/ailadz.com\/index.php\/wp-json\/wp\/v2\/pages\/428\/revisions"}],"predecessor-version":[{"id":468,"href":"https:\/\/ailadz.com\/index.php\/wp-json\/wp\/v2\/pages\/428\/revisions\/468"}],"wp:attachment":[{"href":"https:\/\/ailadz.com\/index.php\/wp-json\/wp\/v2\/media?parent=428"}],"curies":[{"name":"wp","href":"https:\/\/api.w.org\/{rel}","templated":true}]}}