{"id":494,"date":"2024-10-15T17:00:25","date_gmt":"2024-10-15T17:00:25","guid":{"rendered":"https:\/\/ailadz.com\/?page_id=494"},"modified":"2024-10-15T17:12:25","modified_gmt":"2024-10-15T17:12:25","slug":"communications-congres-2024","status":"publish","type":"page","link":"https:\/\/ailadz.com\/index.php\/communications-congres-2024\/","title":{"rendered":"Communications CONGRES 2024"},"content":{"rendered":"<div class=\"fusion-fullwidth fullwidth-box fusion-builder-row-1 fusion-flex-container has-pattern-background has-mask-background nonhundred-percent-fullwidth non-hundred-percent-height-scrolling\" style=\"--awb-border-radius-top-left:0px;--awb-border-radius-top-right:0px;--awb-border-radius-bottom-right:0px;--awb-border-radius-bottom-left:0px;\" ><div class=\"fusion-builder-row fusion-row fusion-flex-align-items-flex-start\" style=\"max-width:1248px;margin-left: calc(-4% \/ 2 );margin-right: calc(-4% \/ 2 );\"><div class=\"fusion-layout-column fusion_builder_column fusion-builder-column-0 fusion_builder_column_1_1 1_1 fusion-flex-column\" style=\"--awb-bg-size:cover;--awb-width-large:100%;--awb-margin-top-large:0px;--awb-spacing-right-large:1.92%;--awb-margin-bottom-large:20px;--awb-spacing-left-large:1.92%;--awb-width-medium:100%;--awb-order-medium:0;--awb-spacing-right-medium:1.92%;--awb-spacing-left-medium:1.92%;--awb-width-small:100%;--awb-order-small:0;--awb-spacing-right-small:1.92%;--awb-spacing-left-small:1.92%;\"><div class=\"fusion-column-wrapper fusion-column-has-shadow fusion-flex-justify-content-flex-start fusion-content-layout-column\"><div class=\"fusion-text fusion-text-1\" style=\"--awb-font-size:20px;--awb-text-font-family:&quot;Merriweather&quot;;--awb-text-font-style:normal;--awb-text-font-weight:400;\"><p style=\"text-align: center;\"><strong style=\"color: rgb(20, 22, 23);\"><u><span style=\"color: rgb(198, 36, 33);\">1\u00e8re session : SESSION MEDECINE INTERNE<\/span><\/u><\/strong><\/p>\n<ul>\n<li><a href=\"https:\/\/ailadz.com\/wp-content\/uploads\/2024\/10\/1-Agraniou.pdf\">Atteintes h\u00e9patiques des granulomatoses.<\/a><br \/>\n<strong>F .Bouali, Alger<\/strong><\/li>\n<li><a href=\"https:\/\/ailadz.com\/wp-content\/uploads\/2024\/10\/2-Tebaibia.pdf\">St\u00e9atose h\u00e9patique : nosologie, aspects cliniques et<\/a><br \/>\ntraitement. <strong>A. Tebaibia, Alger<\/strong><\/li>\n<li><a href=\"https:\/\/ailadz.com\/wp-content\/uploads\/2024\/10\/3-DEbzi.pdf\">H\u00e9patopathies cryptog\u00e9niques : mythe ou r\u00e9alit\u00e9<\/a><br \/>\nnosologique. <strong>N. Debzi, Alger<\/strong><\/li>\n<li><a href=\"https:\/\/ailadz.com\/wp-content\/uploads\/2024\/10\/4-Ali-guechi.pdf\">Les Inhibiteurs de JAK: Une innovation dans la prise<\/a><br \/>\nen charge des maladies inflammatoires.<br \/>\n<strong>S. Ali Guechi, Annaba<\/strong><\/li>\n<li><a href=\"https:\/\/ailadz.com\/wp-content\/uploads\/2024\/10\/5-Pr-SALAH-MANSOUR-BEKER.pdf\">SYMPOSIUM Beker: La Canagliflozine : Une<\/a><br \/>\nth\u00e9rapeutique \u00e9mergente du diab\u00e8te de type 2<br \/>\n<strong>A. Salah Mansour, Tizi Ouzou<\/strong><\/li>\n<\/ul>\n<p style=\"text-align: center;\"><strong><u><span style=\"color: rgb(198, 36, 33);\">2\u00e8me session : SESSION DIABETE<\/span><\/u><\/strong><\/p>\n<ul>\n<li><a href=\"https:\/\/ailadz.com\/wp-content\/uploads\/2024\/10\/1-Zekri.pdf\">Inertie et mauvaise adh\u00e9rence th\u00e9rapeutique au cours du diab\u00e8te : deux concepts \u00e0 combattre.<\/a><br \/>\n<strong>S. Zekri, Alger<\/strong><\/li>\n<li><a href=\"https:\/\/ailadz.com\/wp-content\/uploads\/2024\/10\/2-Zaamouche.pdf\">El\u00e9ments pr\u00e9dictifs \u00e9vitables dans la survenue du diab\u00e8te.<\/a> <strong>A. Zaamouche, Constantine.<\/strong><\/li>\n<li><a href=\"https:\/\/ailadz.com\/wp-content\/uploads\/2024\/10\/3-Aouiche.pdf\">Diab\u00e8te gestationnel<\/a>. <strong>S. Aouiche, Alger.<\/strong><\/li>\n<li><a href=\"https:\/\/ailadz.com\/wp-content\/uploads\/2024\/10\/4-Hamdaoui.pdf\">Neuropathie diab\u00e9tique et risque C-V : R\u00e9sultat d\u2019une \u00e9tude analytique r\u00e9trospective.<\/a><strong>M.S. <\/strong><strong>Hamdaoui,Oran<\/strong><\/li>\n<li><a href=\"https:\/\/ailadz.com\/wp-content\/uploads\/2024\/10\/5-Benkaci.pdf\">L&rsquo;essentiel de la SNFMI.<\/a> <strong>Y. Benkaci, Bruxelles<\/strong><\/li>\n<li><a href=\"https:\/\/ailadz.com\/wp-content\/uploads\/2024\/10\/6-sympo-lily-Pr-Zaamouche-fnl.pdf\">SYMPOSIUM LILLY-BIOPHARM : Un antidiab\u00e9tique \u00ab le TIRZEPATIDE \u00bb : La nouvelle piste dans le traitement m\u00e9dical de l\u2019ob\u00e9sit\u00e9.<\/a><br \/>\n<strong>A. Zamouche, Constantine<\/strong><\/li>\n<\/ul>\n<p style=\"text-align: center;\"><strong><u><span style=\"color: rgb(198, 36, 33);\">3\u00e8me session : SESSION CARDIO-VASCULAIRE<\/span><\/u><\/strong><\/p>\n<ul>\n<li><a href=\"https:\/\/ailadz.com\/wp-content\/uploads\/2024\/10\/1-Djermane.pdf\">Les Myocardites.<\/a> <strong>D. Djermane, Alger<\/strong><\/li>\n<li><a href=\"https:\/\/ailadz.com\/wp-content\/uploads\/2024\/10\/2-Hatri.pdf\">Cancers et maladie thrombo-embolique veineuse.<\/a><br \/>\n<strong>A. Hatri, Alger<\/strong><\/li>\n<li><a href=\"https:\/\/ailadz.com\/wp-content\/uploads\/2024\/10\/3-Afif.pdf\">Rein et Insuffisance cardiaque.<\/a> <strong>M. Afif, Oran<\/strong><\/li>\n<li><a href=\"https:\/\/ailadz.com\/wp-content\/uploads\/2024\/10\/4-Bouzid.pdf\">Y\u2019a-t-il encore une place pour le score calcique dans la stratification du risque cardio-vasculaire en 2024 ?<\/a><br \/>\n<strong>M.A. Bouzid, Alger<\/strong><\/li>\n<li><a href=\"https:\/\/ailadz.com\/wp-content\/uploads\/2024\/10\/5-Nibouche.pdf\">L&rsquo;essentiel de l\u2019ESC.<\/a> <strong>D.E. Nibouche, Alger<\/strong><\/li>\n<li><a href=\"https:\/\/ailadz.com\/wp-content\/uploads\/2024\/10\/6-sympo-servier-pr-zaamouche.pdf\">SYMPOSIUM SERVIER: \u00ab Prise en charge holistique de l\u2019hypertendu diab\u00e9tique de type 2 \u00bb.<\/a><br \/>\n<strong>A.Zaamouche, Constantine<\/strong><\/li>\n<\/ul>\n<p style=\"text-align: center;\"><strong><u><span style=\"color: rgb(198, 36, 33);\">4\u00e8me session : SESSION DIABETE<\/span><\/u><\/strong><\/p>\n<ul>\n<li><a href=\"https:\/\/ailadz.com\/wp-content\/uploads\/2024\/10\/1-Salah-Mansour.pdf\">Maladies m\u00e9taboliques du foie chez le diab\u00e9tique ob\u00e8se<\/a>. <strong>A. Salah-Mansour, Tizi Ouzou<\/strong><\/li>\n<li><a href=\"https:\/\/ailadz.com\/wp-content\/uploads\/2024\/10\/2-Behidj.pdf\">Place de la metformine dans les nouvelles recommandations<\/a>. <strong>S.A. Behidj, Alger<\/strong><\/li>\n<li><a href=\"https:\/\/ailadz.com\/wp-content\/uploads\/2024\/10\/3-Nibouche.pdf\">Impact, pronostic et \u00e9l\u00e9ments de pr\u00e9vention de la n\u00e9phropathie diab\u00e9tique<\/a>. <strong>W.N.Nibouche, Alger<\/strong><\/li>\n<li><a href=\"https:\/\/ailadz.com\/wp-content\/uploads\/2024\/10\/4-Sympo-kitouni.pdf\">Symposium Novo Nordisk : L\u2019insulinoth\u00e9rapie dans le DT2 : du contr\u00f4le glyc\u00e9mique \u00e0 la s\u00e9curit\u00e9 CV.<\/a><br \/>\n<strong>Y. Kitouni, Constantine<\/strong><\/li>\n<li><a href=\"https:\/\/ailadz.com\/wp-content\/uploads\/2024\/10\/5-Malek.pdf\">l\u2019Essentiel de l\u2019 EASD.<\/a> <strong>R. Malek, S\u00e9tif.<\/strong><\/li>\n<\/ul>\n<p style=\"text-align: center;\"><strong><u><span style=\"color: rgb(198, 36, 33);\">5\u00e8me session : SESSION CARDIO-VASCULAIRE<\/span><\/u><\/strong><\/p>\n<ul>\n<li><a href=\"https:\/\/ailadz.com\/wp-content\/uploads\/2024\/10\/1-Boughanem.pdf\">Prise en charge de l\u2019hypertension art\u00e9rielle chez l\u2019insuffisant r\u00e9nal dialys\u00e9.<\/a> <strong>K. Boughanem, R. kesraoui,N. Lanasri, Alger<\/strong><\/li>\n<li><a href=\"https:\/\/ailadz.com\/wp-content\/uploads\/2024\/10\/2-Bachir-Cherif.pdf\">Recommandations HTA ESC 2024 : Quoi de neuf par rapport ESH 2023 ?<\/a> <strong>A.Bachir Cherif, Blida .<\/strong><\/li>\n<li><a href=\"https:\/\/ailadz.com\/wp-content\/uploads\/2024\/10\/3-Adjeroud.pdf\">Insuffisance cardiaque \u00e0 fraction d\u2019\u00e9jection pr\u00e9serv\u00e9e : \u00e9valuation et prise en charge.<\/a><br \/>\n<strong>N. Adjeroud, Alger<\/strong><\/li>\n<li><a href=\"https:\/\/ailadz.com\/wp-content\/uploads\/2024\/10\/4-Moualek.pdf\">SAS et comorbidit\u00e9s cardio-vasculaires.<\/a> <strong>Y. Moualek, Alger<\/strong><\/li>\n<li><a href=\"https:\/\/ailadz.com\/wp-content\/uploads\/2024\/10\/5-AILA-BIOCARE.pdf\">Asparte , s\u00e9curit\u00e9 et efficacit\u00e9 du biosimilaire<\/a>. <strong>A. Salah Mansour, Tizi Ouzou<\/strong><\/li>\n<\/ul>\n<p style=\"text-align: center;\"><strong><u><span style=\"color: rgb(198, 36, 33);\">6\u00e8me session :SESSION MEDECINE INTERNE<\/span><\/u><\/strong><\/p>\n<ul>\n<li><a href=\"https:\/\/ailadz.com\/wp-content\/uploads\/2024\/10\/1-Sene.pdf\">Syndrome de Gougerot -Sj\u00f6gren : nouveaut\u00e9s th\u00e9rapeutiques<\/a>. <strong>D. Sene, Paris<\/strong><\/li>\n<li><a href=\"https:\/\/ailadz.com\/wp-content\/uploads\/2024\/10\/2-Tahiat.pdf\">Quel bilan pour quel Lupus ?<\/a> <strong>A. Tahiat, Alger<\/strong><\/li>\n<li>Sarco\u00efdose : Nouveaut\u00e9s th\u00e9rapeutiques.<br \/>\n<strong>P. Seve, Paris<\/strong><\/li>\n<li>La complication cardiaque dans la Maladie de Fabry :<br \/>\nTrouvez des r\u00e9ponses \u00e0 vos questions.<br \/>\n<strong>N. Laraba, Alger<\/strong><\/li>\n<li><a href=\"https:\/\/ailadz.com\/wp-content\/uploads\/2024\/10\/4-Kitouni.pdf\">Les analogues des r\u00e9cepteurs incr\u00e9tines : Au-del\u00e0 du diab\u00e8te et de l\u2019ob\u00e9sit\u00e9<\/a>. <strong>Y. Kitouni, Constantine<\/strong><\/li>\n<li><a href=\"https:\/\/ailadz.com\/wp-content\/uploads\/2024\/10\/5-Sari.pdf\">Impasses et errances diagnostiques en m\u00e9decine interne<\/a>. <strong>Z. Sari, Alger<\/strong><\/li>\n<\/ul>\n<\/div><\/div><\/div><\/div><\/div>\n","protected":false},"excerpt":{"rendered":"","protected":false},"author":1,"featured_media":0,"parent":0,"menu_order":0,"comment_status":"closed","ping_status":"closed","template":"100-width.php","meta":{"footnotes":""},"class_list":["post-494","page","type-page","status-publish","hentry"],"_links":{"self":[{"href":"https:\/\/ailadz.com\/index.php\/wp-json\/wp\/v2\/pages\/494","targetHints":{"allow":["GET"]}}],"collection":[{"href":"https:\/\/ailadz.com\/index.php\/wp-json\/wp\/v2\/pages"}],"about":[{"href":"https:\/\/ailadz.com\/index.php\/wp-json\/wp\/v2\/types\/page"}],"author":[{"embeddable":true,"href":"https:\/\/ailadz.com\/index.php\/wp-json\/wp\/v2\/users\/1"}],"replies":[{"embeddable":true,"href":"https:\/\/ailadz.com\/index.php\/wp-json\/wp\/v2\/comments?post=494"}],"version-history":[{"count":3,"href":"https:\/\/ailadz.com\/index.php\/wp-json\/wp\/v2\/pages\/494\/revisions"}],"predecessor-version":[{"id":530,"href":"https:\/\/ailadz.com\/index.php\/wp-json\/wp\/v2\/pages\/494\/revisions\/530"}],"wp:attachment":[{"href":"https:\/\/ailadz.com\/index.php\/wp-json\/wp\/v2\/media?parent=494"}],"curies":[{"name":"wp","href":"https:\/\/api.w.org\/{rel}","templated":true}]}}