{"id":653,"date":"2025-06-08T14:07:42","date_gmt":"2025-06-08T14:07:42","guid":{"rendered":"https:\/\/ailadz.com\/?page_id=653"},"modified":"2025-06-08T14:13:32","modified_gmt":"2025-06-08T14:13:32","slug":"23e-journee-thematique-regionale","status":"publish","type":"page","link":"https:\/\/ailadz.com\/index.php\/23e-journee-thematique-regionale\/","title":{"rendered":"23e Journ\u00e9e th\u00e9matique r\u00e9gionale"},"content":{"rendered":"<div class=\"fusion-fullwidth fullwidth-box fusion-builder-row-1 fusion-flex-container has-pattern-background has-mask-background nonhundred-percent-fullwidth non-hundred-percent-height-scrolling\" style=\"--awb-border-radius-top-left:0px;--awb-border-radius-top-right:0px;--awb-border-radius-bottom-right:0px;--awb-border-radius-bottom-left:0px;\" ><div class=\"fusion-builder-row fusion-row fusion-flex-align-items-flex-start\" style=\"max-width:1248px;margin-left: calc(-4% \/ 2 );margin-right: calc(-4% \/ 2 );\"><div class=\"fusion-layout-column fusion_builder_column fusion-builder-column-0 fusion_builder_column_1_2 1_2 fusion-flex-column\" style=\"--awb-bg-size:cover;--awb-width-large:50%;--awb-margin-top-large:0px;--awb-spacing-right-large:3.84%;--awb-margin-bottom-large:20px;--awb-spacing-left-large:3.84%;--awb-width-medium:50%;--awb-order-medium:0;--awb-spacing-right-medium:3.84%;--awb-spacing-left-medium:3.84%;--awb-width-small:100%;--awb-order-small:0;--awb-spacing-right-small:1.92%;--awb-spacing-left-small:1.92%;\"><div class=\"fusion-column-wrapper fusion-column-has-shadow fusion-flex-justify-content-flex-start fusion-content-layout-column\"><div class=\"fusion-image-element \" style=\"text-align:center;--awb-caption-title-size:var(--h2_typography-font-size);--awb-caption-title-transform:var(--h2_typography-text-transform);--awb-caption-title-line-height:var(--h2_typography-line-height);--awb-caption-title-letter-spacing:var(--h2_typography-letter-spacing);\"><span class=\" fusion-imageframe imageframe-none imageframe-1 hover-type-none\"><img decoding=\"async\" width=\"728\" height=\"1024\" title=\"23 journ\u00e9e th\u00e9matique_Plan de travail 1\" src=\"https:\/\/ailadz.com\/wp-content\/uploads\/2025\/04\/23-journee-thematique_Plan-de-travail-1-728x1024.jpg\" alt class=\"img-responsive wp-image-641\" srcset=\"https:\/\/ailadz.com\/wp-content\/uploads\/2025\/04\/23-journee-thematique_Plan-de-travail-1-200x281.jpg 200w, https:\/\/ailadz.com\/wp-content\/uploads\/2025\/04\/23-journee-thematique_Plan-de-travail-1-400x563.jpg 400w, https:\/\/ailadz.com\/wp-content\/uploads\/2025\/04\/23-journee-thematique_Plan-de-travail-1-600x844.jpg 600w, https:\/\/ailadz.com\/wp-content\/uploads\/2025\/04\/23-journee-thematique_Plan-de-travail-1-800x1125.jpg 800w, https:\/\/ailadz.com\/wp-content\/uploads\/2025\/04\/23-journee-thematique_Plan-de-travail-1-1200x1688.jpg 1200w, https:\/\/ailadz.com\/wp-content\/uploads\/2025\/04\/23-journee-thematique_Plan-de-travail-1-scaled.jpg 1820w\" sizes=\"(max-width: 640px) 100vw, 600px\" \/><\/span><\/div><\/div><\/div><div class=\"fusion-layout-column fusion_builder_column fusion-builder-column-1 fusion_builder_column_1_2 1_2 fusion-flex-column\" style=\"--awb-bg-size:cover;--awb-width-large:50%;--awb-margin-top-large:0px;--awb-spacing-right-large:3.84%;--awb-margin-bottom-large:20px;--awb-spacing-left-large:3.84%;--awb-width-medium:50%;--awb-order-medium:0;--awb-spacing-right-medium:3.84%;--awb-spacing-left-medium:3.84%;--awb-width-small:100%;--awb-order-small:0;--awb-spacing-right-small:1.92%;--awb-spacing-left-small:1.92%;\"><div class=\"fusion-column-wrapper fusion-column-has-shadow fusion-flex-justify-content-flex-start fusion-content-layout-column\"><div class=\"fusion-text fusion-text-1\" style=\"--awb-text-color:var(--awb-color3);\"><h4 data-fusion-font=\"true\" data-fusion-google-font=\"Merriweather\" data-fusion-google-variant=\"700\"><strong>23e Journ\u00e9e th\u00e9matique r\u00e9gionale\u00a0<\/strong><\/h4>\n<h5 data-fusion-font=\"true\" data-fusion-google-font=\"Merriweather\" data-fusion-google-variant=\"700\"><b><span data-fusion-font=\"true\">02 mai 2025-\u00a0<\/span><span data-fusion-font=\"true\">H\u00f4tel Mercure A\u00e9roport, Alger<\/span><\/b><\/h5>\n<\/div><div ><a class=\"fusion-button button-flat fusion-button-default-size button-custom fusion-button-default button-1 fusion-button-span-yes fusion-button-default-type\" style=\"--button_accent_color:var(--awb-color1);--button_accent_hover_color:var(--awb-color1);--button_border_hover_color:var(--awb-color1);--button_gradient_top_color:#133251;--button_gradient_bottom_color:#133251;--button_gradient_top_color_hover:#133251;--button_gradient_bottom_color_hover:#133251;--button_margin-top:10px;--button_margin-bottom:10px;\" target=\"_self\" href=\"https:\/\/ailadz.com\/wp-content\/uploads\/2025\/04\/programme-23e-journee-thematique-3.pdf\"><span class=\"fusion-button-text\">Programme<\/span><\/a><\/div><div ><a class=\"fusion-button button-flat fusion-button-default-size button-custom fusion-button-default button-2 fusion-button-span-yes fusion-button-default-type\" style=\"--button_accent_color:var(--awb-color1);--button_accent_hover_color:var(--awb-color1);--button_border_hover_color:var(--awb-color1);--button_gradient_top_color:#e7c199;--button_gradient_bottom_color:#e7c199;--button_gradient_top_color_hover:#e7c199;--button_gradient_bottom_color_hover:#e7c199;--button_margin-top:10px;--button_margin-bottom:10px;\" target=\"_self\" href=\"https:\/\/ailadz.com\/index.php\/communications-https-ailadz-com-index-php-communications-23e-journee-thematique-regionale\/\"><span class=\"fusion-button-text\">Communications<\/span><\/a><\/div><\/div><\/div><\/div><\/div>\n","protected":false},"excerpt":{"rendered":"","protected":false},"author":4,"featured_media":0,"parent":0,"menu_order":0,"comment_status":"closed","ping_status":"closed","template":"100-width.php","meta":{"footnotes":""},"class_list":["post-653","page","type-page","status-publish","hentry"],"_links":{"self":[{"href":"https:\/\/ailadz.com\/index.php\/wp-json\/wp\/v2\/pages\/653","targetHints":{"allow":["GET"]}}],"collection":[{"href":"https:\/\/ailadz.com\/index.php\/wp-json\/wp\/v2\/pages"}],"about":[{"href":"https:\/\/ailadz.com\/index.php\/wp-json\/wp\/v2\/types\/page"}],"author":[{"embeddable":true,"href":"https:\/\/ailadz.com\/index.php\/wp-json\/wp\/v2\/users\/4"}],"replies":[{"embeddable":true,"href":"https:\/\/ailadz.com\/index.php\/wp-json\/wp\/v2\/comments?post=653"}],"version-history":[{"count":7,"href":"https:\/\/ailadz.com\/index.php\/wp-json\/wp\/v2\/pages\/653\/revisions"}],"predecessor-version":[{"id":682,"href":"https:\/\/ailadz.com\/index.php\/wp-json\/wp\/v2\/pages\/653\/revisions\/682"}],"wp:attachment":[{"href":"https:\/\/ailadz.com\/index.php\/wp-json\/wp\/v2\/media?parent=653"}],"curies":[{"name":"wp","href":"https:\/\/api.w.org\/{rel}","templated":true}]}}