{"id":657,"date":"2025-06-08T14:08:06","date_gmt":"2025-06-08T14:08:06","guid":{"rendered":"https:\/\/ailadz.com\/?page_id=657"},"modified":"2025-06-08T14:12:25","modified_gmt":"2025-06-08T14:12:25","slug":"communications-https-ailadz-com-index-php-communications-23e-journee-thematique-regionale","status":"publish","type":"page","link":"https:\/\/ailadz.com\/index.php\/communications-https-ailadz-com-index-php-communications-23e-journee-thematique-regionale\/","title":{"rendered":"Communications 23e Journ\u00e9e th\u00e9matique r\u00e9gionale"},"content":{"rendered":"<div class=\"fusion-fullwidth fullwidth-box fusion-builder-row-1 fusion-flex-container has-pattern-background has-mask-background nonhundred-percent-fullwidth non-hundred-percent-height-scrolling\" style=\"--awb-border-radius-top-left:0px;--awb-border-radius-top-right:0px;--awb-border-radius-bottom-right:0px;--awb-border-radius-bottom-left:0px;\" ><div class=\"fusion-builder-row fusion-row fusion-flex-align-items-flex-start\" style=\"max-width:1248px;margin-left: calc(-4% \/ 2 );margin-right: calc(-4% \/ 2 );\"><div class=\"fusion-layout-column fusion_builder_column fusion-builder-column-0 fusion_builder_column_1_1 1_1 fusion-flex-column\" style=\"--awb-bg-size:cover;--awb-width-large:100%;--awb-margin-top-large:0px;--awb-spacing-right-large:1.92%;--awb-margin-bottom-large:20px;--awb-spacing-left-large:1.92%;--awb-width-medium:100%;--awb-order-medium:0;--awb-spacing-right-medium:1.92%;--awb-spacing-left-medium:1.92%;--awb-width-small:100%;--awb-order-small:0;--awb-spacing-right-small:1.92%;--awb-spacing-left-small:1.92%;\"><div class=\"fusion-column-wrapper fusion-column-has-shadow fusion-flex-justify-content-flex-start fusion-content-layout-column\"><div class=\"fusion-text fusion-text-1\" style=\"--awb-font-size:20px;--awb-text-font-family:&quot;Merriweather&quot;;--awb-text-font-style:normal;--awb-text-font-weight:400;\"><p style=\"text-align: center;\"><b><span style=\"letter-spacing: 0.24px; text-align: start; background-color: rgba(0, 0, 0, 0); color: #415099;\"><u><span style=\"color: #bc1c1c;\">1e Session : M\u00e9decine interne et H\u00e9matologie<\/span><\/u><\/span><\/b><\/p>\n<ul>\n<li>\n<p style=\"padding-left: 0px;\"><a href=\"https:\/\/ailadz.com\/wp-content\/uploads\/2025\/06\/Lecture-critique-dun-hemogramme.pdf\">Lecture critique de l\u2019h\u00e9mogramme. <span style=\"font-weight: bold; letter-spacing: 0.24px; background-color: rgba(0, 0, 0, 0);\">T. Bounzira , Mostaganem.<\/span><\/a><\/p>\n<\/li>\n<li>\n<p style=\"padding-left: 0px;\"><a href=\"https:\/\/ailadz.com\/wp-content\/uploads\/2025\/06\/2-Layaida.pdf\">An\u00e9mie par carence martiale : les 10 erreurs \u00e0 <span style=\"background-color: rgba(0, 0, 0, 0); letter-spacing: 0.24px;\">ne pas faire. <\/span><span style=\"background-color: rgba(0, 0, 0, 0); letter-spacing: 0.24px;\"><b>K .Layaida , Alger<\/b><\/span><\/a><\/p>\n<\/li>\n<\/ul>\n<ul>\n<li>\n<p style=\"padding-left: 0px;\">Electrophor\u00e8se des prot\u00e9ines s\u00e9riques(EPS) : <span style=\"background-color: rgba(0, 0, 0, 0); letter-spacing: 0.24px;\">quand r\u00e9aliser une EPS et quelles sont les pathologies qui <\/span><span style=\"letter-spacing: 0.24px; background-color: rgba(0, 0, 0, 0);\">peuvent \u00eatre diagnostiqu\u00e9es ? <b> <\/b><\/span><span style=\"background-color: rgba(0, 0, 0, 0); letter-spacing: 0.24px;\"><b>A. Agraniou, F. Bouali, Alger.<\/b><\/span><\/p>\n<\/li>\n<\/ul>\n<ul>\n<li>\n<p style=\"padding-left: 0px;\"><a href=\"https:\/\/ailadz.com\/wp-content\/uploads\/2025\/06\/SYMPO-LILLY.pdf\"> SYMPOSIUM LILLY<\/a><\/p>\n<\/li>\n<\/ul>\n<p style=\"text-align: center;\"><b><u><span style=\"color: #bc1c1c;\">2e Session : <\/span><span style=\"letter-spacing: 0.24px; background-color: rgba(0, 0, 0, 0); color: #bc1c1c;\">M\u00e9decine interne et Nutrition<\/span><\/u><\/b><\/p>\n<ul>\n<li><a href=\"https:\/\/ailadz.com\/wp-content\/uploads\/2025\/06\/5-Behidj.pdf\">Qu\u2019en est-il de la nutrition chez le diab\u00e9tique <span style=\"letter-spacing: 0.24px; background-color: rgba(0, 0, 0, 0);\">actuellement. <\/span><span style=\"letter-spacing: 0.24px; background-color: rgba(0, 0, 0, 0);\"><b>S.A . Behidj , Alger.<\/b><\/span><\/a><\/li>\n<li><a href=\"https:\/\/ailadz.com\/wp-content\/uploads\/2025\/06\/6-Hallam.pdf\">Ob\u00e9sit\u00e9 : facteur de risque \u00e9vitable et traitable. <span style=\"letter-spacing: 0.24px; background-color: rgba(0, 0, 0, 0);\"><b>M. A. Hallal ,Alger.<\/b><\/span><\/a><\/li>\n<li><a href=\"https:\/\/ailadz.com\/wp-content\/uploads\/2025\/06\/7-Meghit.pdf\">Impact de la Nutrition sur le microbiote <span style=\"letter-spacing: 0.24px; background-color: rgba(0, 0, 0, 0);\">intestinal. <b>K. B. Meghit, Sidi Bel-Abbes.<\/b><\/span><\/a><\/li>\n<li><a href=\"https:\/\/ailadz.com\/wp-content\/uploads\/2025\/06\/Sympo-Biocare.pdf\">SYMPOSIUM BIOCARE.<\/a><\/li>\n<\/ul>\n<p style=\"text-align: center;\"><u><b><span style=\"color: #bc1c1c;\">3e session : <\/span><span style=\"letter-spacing: 0.24px; background-color: rgba(0, 0, 0, 0); color: #bc1c1c;\">M\u00e9decine interne et Diab\u00e8te<\/span><\/b><\/u><\/p>\n<ul>\n<li><a href=\"https:\/\/ailadz.com\/wp-content\/uploads\/2025\/06\/9-Mahmoudi-finale.pdf\">Syndrome d\u2019apn\u00e9e du sommeil et ob\u00e9sit\u00e9. <span style=\"letter-spacing: 0.24px; background-color: rgba(0, 0, 0, 0);\"><b>H. Mahmoudi, Alger.<\/b><\/span><\/a><b><\/b><\/li>\n<li><a href=\"https:\/\/ailadz.com\/wp-content\/uploads\/2025\/06\/10-Haddam.pdf\">Place des AR GLP1 &#8211; iSGLT2 dans la protection cardio r\u00e9nale. <b>A. Haddam, Alger.<\/b><\/a><b><\/b><\/li>\n<\/ul>\n<\/div><\/div><\/div><\/div><\/div>\n","protected":false},"excerpt":{"rendered":"","protected":false},"author":4,"featured_media":0,"parent":0,"menu_order":0,"comment_status":"closed","ping_status":"closed","template":"100-width.php","meta":{"footnotes":""},"class_list":["post-657","page","type-page","status-publish","hentry"],"_links":{"self":[{"href":"https:\/\/ailadz.com\/index.php\/wp-json\/wp\/v2\/pages\/657","targetHints":{"allow":["GET"]}}],"collection":[{"href":"https:\/\/ailadz.com\/index.php\/wp-json\/wp\/v2\/pages"}],"about":[{"href":"https:\/\/ailadz.com\/index.php\/wp-json\/wp\/v2\/types\/page"}],"author":[{"embeddable":true,"href":"https:\/\/ailadz.com\/index.php\/wp-json\/wp\/v2\/users\/4"}],"replies":[{"embeddable":true,"href":"https:\/\/ailadz.com\/index.php\/wp-json\/wp\/v2\/comments?post=657"}],"version-history":[{"count":8,"href":"https:\/\/ailadz.com\/index.php\/wp-json\/wp\/v2\/pages\/657\/revisions"}],"predecessor-version":[{"id":679,"href":"https:\/\/ailadz.com\/index.php\/wp-json\/wp\/v2\/pages\/657\/revisions\/679"}],"wp:attachment":[{"href":"https:\/\/ailadz.com\/index.php\/wp-json\/wp\/v2\/media?parent=657"}],"curies":[{"name":"wp","href":"https:\/\/api.w.org\/{rel}","templated":true}]}}