{"id":736,"date":"2025-11-03T09:55:10","date_gmt":"2025-11-03T09:55:10","guid":{"rendered":"https:\/\/ailadz.com\/?page_id=736"},"modified":"2025-11-03T11:05:45","modified_gmt":"2025-11-03T11:05:45","slug":"communications-congres-2025","status":"publish","type":"page","link":"https:\/\/ailadz.com\/index.php\/communications-congres-2025\/","title":{"rendered":"Communications Congr\u00e8s 2025"},"content":{"rendered":"<div class=\"fusion-fullwidth fullwidth-box fusion-builder-row-1 fusion-flex-container has-pattern-background has-mask-background nonhundred-percent-fullwidth non-hundred-percent-height-scrolling\" style=\"--awb-border-radius-top-left:0px;--awb-border-radius-top-right:0px;--awb-border-radius-bottom-right:0px;--awb-border-radius-bottom-left:0px;\" ><div class=\"fusion-builder-row fusion-row fusion-flex-align-items-flex-start\" style=\"max-width:1248px;margin-left: calc(-4% \/ 2 );margin-right: calc(-4% \/ 2 );\"><div class=\"fusion-layout-column fusion_builder_column fusion-builder-column-0 fusion_builder_column_1_1 1_1 fusion-flex-column\" style=\"--awb-bg-size:cover;--awb-width-large:100%;--awb-margin-top-large:0px;--awb-spacing-right-large:1.92%;--awb-margin-bottom-large:20px;--awb-spacing-left-large:1.92%;--awb-width-medium:100%;--awb-order-medium:0;--awb-spacing-right-medium:1.92%;--awb-spacing-left-medium:1.92%;--awb-width-small:100%;--awb-order-small:0;--awb-spacing-right-small:1.92%;--awb-spacing-left-small:1.92%;\"><div class=\"fusion-column-wrapper fusion-column-has-shadow fusion-flex-justify-content-flex-start fusion-content-layout-column\"><div class=\"fusion-text fusion-text-1\" style=\"--awb-font-size:20px;--awb-text-font-family:&quot;Merriweather&quot;;--awb-text-font-style:normal;--awb-text-font-weight:400;\"><p style=\"text-align: center;\"><b><u><span style=\"color: rgb(20, 22, 23);\">1\u00e8re session : Diab\u00e8te<\/span><\/u><\/b><\/p>\n<p><a href=\"https:\/\/ailadz.com\/wp-content\/uploads\/2025\/11\/1.r.malek_.pdf\"><\/a><\/p>\n<p><a href=\"https:\/\/ailadz.com\/wp-content\/uploads\/2025\/11\/1.r.malek_.pdf\"><\/a><\/p>\n<p><a href=\"https:\/\/ailadz.com\/wp-content\/uploads\/2025\/11\/1.r.malek_.pdf\"><\/p>\n<p style=\"letter-spacing: 0.24px; background-color: rgba(0, 0, 0, 0); display: inline !important;\">\n<p><\/a><\/p>\n<p><a href=\"https:\/\/ailadz.com\/wp-content\/uploads\/2025\/11\/1.r.malek_.pdf\"><\/a><\/p>\n<ul><a href=\"https:\/\/ailadz.com\/wp-content\/uploads\/2025\/11\/1.r.malek_.pdf\"><br \/>\n<\/a><\/p>\n<li>\n<a href=\"https:\/\/ailadz.com\/wp-content\/uploads\/2025\/11\/2.pdf\"><\/p>\n<p><\/a><\/p>\n<p style=\"letter-spacing: 0.24px; background-color: rgba(0, 0, 0, 0); display: inline !important;\"><span style=\"background-color: rgba(0, 0, 0, 0); letter-spacing: 0.24px;\">SGLT2 inhibiteur avec ou sans diab\u00e8te <b>.M.Belhadj, Oran .<\/b><\/span><\/p>\n<p><a href=\"https:\/\/ailadz.com\/wp-content\/uploads\/2025\/11\/2.pdf\"><br \/>\n<\/a><\/p>\n<\/li>\n<li><a href=\"https:\/\/ailadz.com\/wp-content\/uploads\/2025\/11\/2.pdf\"><span style=\"background-color: rgba(0, 0, 0, 0); letter-spacing: 0.24px;\"><\/span><span style=\"background-color: rgba(0, 0, 0, 0); letter-spacing: 0.24px;\">Le GLP-1 au-del\u00e0 du diab\u00e8te : extension des indications <\/span>et enjeux cliniques.<b> M.A.Hallal, Alger<\/b><\/a><b><\/b><\/li>\n<li><span style=\"background-color: rgba(0, 0, 0, 0); letter-spacing: 0.24px;\"> <a href=\"https:\/\/ailadz.com\/wp-content\/uploads\/2025\/11\/3.pdf\">Le diab\u00e8te du sujet \u00e2g\u00e9. <b>A. Zaamouche, Constantine.<\/b><\/a><b><\/b><b><\/b><b><\/b><\/span><\/li>\n<li><span style=\"background-color: rgba(0, 0, 0, 0); letter-spacing: 0.24px;\"><\/span><span style=\"background-color: rgba(0, 0, 0, 0); letter-spacing: 0.24px;\"><\/span><span style=\"background-color: rgba(0, 0, 0, 0); letter-spacing: 0.24px;\"><\/span><a href=\"https:\/\/ailadz.com\/wp-content\/uploads\/2025\/11\/4.pdf\"><span style=\"background-color: rgba(0, 0, 0, 0); letter-spacing: 0.24px;\">New pharmacologic treatements for the management <\/span>obesity .<b> K.Aberkane, Tizi Ouzou<\/b><\/a><b><\/b><b><\/b><b><\/b><\/li>\n<li><span style=\"background-color: rgba(0, 0, 0, 0); letter-spacing: 0.24px;\"><\/span><span style=\"background-color: rgba(0, 0, 0, 0); letter-spacing: 0.24px;\"><\/span><span style=\"background-color: rgba(0, 0, 0, 0); letter-spacing: 0.24px;\"><\/span><span style=\"background-color: rgba(0, 0, 0, 0); letter-spacing: 0.24px;\"><\/span><a href=\"https:\/\/ailadz.com\/wp-content\/uploads\/2025\/11\/EASD-2025-AILA-PR-SALAH-MANSOUR.pdf\"><span style=\"background-color: rgba(0, 0, 0, 0); letter-spacing: 0.24px;\">Conf\u00e9rence :L\u2019Essentiel de l\u2019EASD.<b> A. Salah Mansour, <\/b><\/span><b>Tizi Ouzou.<\/b><\/a><b><\/b><b><\/b><b><\/b><a href=\"https:\/\/ailadz.com\/wp-content\/uploads\/2025\/11\/6.pdf\"><b><\/b><\/a><\/li>\n<li><span style=\"background-color: rgba(0, 0, 0, 0); letter-spacing: 0.24px;\"><\/span><span style=\"background-color: rgba(0, 0, 0, 0); letter-spacing: 0.24px;\"><\/span><a href=\"https:\/\/ailadz.com\/wp-content\/uploads\/2025\/11\/6.pdf\"><span style=\"background-color: rgba(0, 0, 0, 0); letter-spacing: 0.24px;\">Symposium Servier. Hypertension et diab\u00e8te : <\/span>un couple dangereux. <b>M. Bessaih<\/b><\/a><b><\/b><a href=\"https:\/\/ailadz.com\/wp-content\/uploads\/2025\/11\/1.r.malek_.pdf\"><b><\/b><\/a><\/li>\n<p><a href=\"https:\/\/ailadz.com\/wp-content\/uploads\/2025\/11\/1.r.malek_.pdf\"><br \/>\n<\/a><\/p>\n<\/ul>\n<p><a href=\"https:\/\/ailadz.com\/wp-content\/uploads\/2025\/11\/1.r.malek_.pdf\"><br \/>\n<\/a><\/p>\n<p><a href=\"https:\/\/ailadz.com\/wp-content\/uploads\/2025\/11\/1.r.malek_.pdf\"><\/a><\/p>\n<p style=\"text-align: center;\"><u><b>2\u00e8me session : M\u00e9decine Interne : Maladies Auto Inflammatoires<\/b><\/u><\/p>\n<ul>\n<li>\n<a href=\"https:\/\/ailadz.com\/wp-content\/uploads\/2025\/11\/1.pdf\"><\/p>\n<p style=\"display: inline !important;\">Les maladies auto-inflammatoires les plus fr\u00e9quentes :<\/p>\n<p><\/a><\/p>\n<p><a href=\"https:\/\/ailadz.com\/wp-content\/uploads\/2025\/11\/1.pdf\"> <span style=\"letter-spacing: 0.24px;\">importance du diagnostic pr\u00e9coce. <\/span><b style=\"letter-spacing: 0.24px; background-color: rgba(0, 0, 0, 0);\">Y. Kitouni, Constantine.<\/b><\/a><\/p>\n<\/li>\n<li><a href=\"https:\/\/ailadz.com\/wp-content\/uploads\/2025\/11\/2-1.pdf\">Biomarqueurs \u00e9mergents: une r\u00e9volution dans la distinction entre auto-immunit\u00e9 et auto inflammation.<b> Y.Benkaci, Bruxelles.<\/b><\/a><b><\/b><\/li>\n<li><a href=\"https:\/\/ailadz.com\/wp-content\/uploads\/2025\/11\/3-1.pdf\">Les nouvelles maladies auto-inflammatoires. <b>Y. Jamilloux, Lyon (Visioconf\u00e9rence)<\/b><\/a><b><\/b><a href=\"https:\/\/ailadz.com\/wp-content\/uploads\/2025\/11\/1.r.malek_.pdf\"><b><\/b><\/a><\/li>\n<li><span style=\"letter-spacing: 0.24px; background-color: rgba(0, 0, 0, 0);\"><\/span><span style=\"letter-spacing: 0.24px; background-color: rgba(0, 0, 0, 0);\"><\/span><a href=\"https:\/\/ailadz.com\/wp-content\/uploads\/2025\/11\/4-1.pdf\"><span style=\"letter-spacing: 0.24px; background-color: rgba(0, 0, 0, 0);\">Apport de l&rsquo;\u00e9cho-doppler dans l&rsquo;art\u00e9rite \u00e0 cellules g\u00e9antes. <\/span><b>N.Benmehidi, Annaba.<\/b><\/a><b><\/b><a href=\"https:\/\/ailadz.com\/wp-content\/uploads\/2025\/11\/1.r.malek_.pdf\"><b><\/b><\/a><\/li>\n<li><a href=\"https:\/\/ailadz.com\/wp-content\/uploads\/2025\/11\/5.pdf\">Symposium Hikma nouvelles recommandations en mati\u00e8re de dyslipid\u00e9mie<b> D.Belkacem, Alger<\/b><\/a><b><\/b><b><\/b><b><\/b><a href=\"https:\/\/ailadz.com\/wp-content\/uploads\/2025\/11\/1.r.malek_.pdf\"><b><\/b><\/a><\/li>\n<\/ul>\n<p style=\"letter-spacing: 0.24px; background-color: rgba(0, 0, 0, 0);\">\n<p style=\"letter-spacing: 0.24px; background-color: rgba(0, 0, 0, 0);\"><a href=\"https:\/\/ailadz.com\/wp-content\/uploads\/2025\/11\/1.r.malek_.pdf\"><br \/><\/a><\/p>\n<p style=\"text-align: center; letter-spacing: 0.24px; background-color: rgba(0, 0, 0, 0);\"><b><u>3\u00e8me session : Maladies Cardio-vasculaires :<span style=\"background-color: rgba(0, 0, 0, 0); letter-spacing: 0.24px;\">Insuffisance cardiaque<\/span><\/u><\/b><\/p>\n<ul>\n<li>Insuffisance cardiaque et Syndromes d&rsquo;apn\u00e9e du sommeil.<b> H. Mahmoudi, Alger<\/b><b><\/b><\/li>\n<li><a href=\"https:\/\/ailadz.com\/wp-content\/uploads\/2025\/11\/2-BENKHDA.pdf\">Complications cardiovasculaires de l&rsquo;immunoth\u00e9rapie.<b> S.Ouabdeslam, S.Benkhedda, Alger<\/b><\/a><b><\/b><a href=\"https:\/\/ailadz.com\/wp-content\/uploads\/2025\/11\/1.r.malek_.pdf\"><b><\/b><\/a><\/li>\n<li><a href=\"https:\/\/ailadz.com\/wp-content\/uploads\/2025\/11\/33333.pdf\">Traitement de l&rsquo;insufisance cardiaque terminale.<b> M Chettibi, Alger.<\/b><\/a><b><\/b><a href=\"https:\/\/ailadz.com\/wp-content\/uploads\/2025\/11\/1.r.malek_.pdf\"><b><\/b><\/a><\/li>\n<li>Fr\u00e9quence cardiaque et risque cardio vasculaire. <b>N.Bencharif, M.Abdelbaki, Alger<\/b><\/li>\n<li><a href=\"https:\/\/ailadz.com\/wp-content\/uploads\/2025\/11\/5-CHERIF.pdf\">Conf\u00e9rence: L&rsquo;Essentiel de l&rsquo;ESH. <b>A.Bachir Cherif, Blida.<\/b><\/a><b><\/b><a href=\"https:\/\/ailadz.com\/wp-content\/uploads\/2025\/11\/1.r.malek_.pdf\"><b><\/b><\/a><\/li>\n<li><a href=\"https:\/\/ailadz.com\/wp-content\/uploads\/2025\/11\/SGLT2-AILA-09-10-2025.pdf\">Symposium BEKER: Une vision holistique des iSGL2: de la prise en charge du diab\u00e8te sucr\u00e9 aux autres indications prometteuses <b>A.Salah Mansour, Tizi Ouzou<\/b><\/a><b><\/b><a href=\"https:\/\/ailadz.com\/wp-content\/uploads\/2025\/11\/1.r.malek_.pdf\"><b><\/b><\/a><\/li>\n<\/ul>\n<p style=\"text-align: center;\"><b style=\"\"><u>4\u00e8me session : M\u00e9decine Interne :<span style=\"letter-spacing: 0.24px; background-color: rgba(0, 0, 0, 0);\">Microbiote intestinal<\/span><\/u><\/b><\/p>\n<ul>\n<li><a href=\"https:\/\/ailadz.com\/wp-content\/uploads\/2025\/11\/1-D.SAHOULI.pdf\">G\u00e9n\u00e9ralit\u00e9s sur le microbiote intestinal. <b>D. Sahouli, Tlemcen .<\/b><\/a><b><\/b><a href=\"https:\/\/ailadz.com\/wp-content\/uploads\/2025\/11\/1.r.malek_.pdf\"><b><\/b><\/a><\/li>\n<li><a href=\"https:\/\/ailadz.com\/wp-content\/uploads\/2025\/11\/2-K.B.MEGHIT.pdf\">Nutrition et microbiote .<b> K .B . Meghit ,Sidi Bel-Abbes .<\/b><\/a><b><\/b><a href=\"https:\/\/ailadz.com\/wp-content\/uploads\/2025\/11\/1.r.malek_.pdf\"><b><\/b><\/a><\/li>\n<li><a href=\"https:\/\/ailadz.com\/wp-content\/uploads\/2025\/11\/3ZZZ-Pr-SARI-MICROBIOTE-INTESTINAL-Maladies-Metaboliques.pdf\">Microbiote et maladies m\u00e9taboliques. <b>Z. Sari, Alger<\/b><\/a><b><\/b><a href=\"https:\/\/ailadz.com\/wp-content\/uploads\/2025\/11\/1.r.malek_.pdf\"><b><\/b><\/a><\/li>\n<li>D\u00e9s\u00e9quilibre du microbiote intestinal : pathologies associ\u00e9es et options th\u00e9rapeutiques. <b>A. Tebaibia , Alger.<\/b><\/li>\n<li><a href=\"https:\/\/ailadz.com\/wp-content\/uploads\/2025\/11\/sympo-sanofi-aila-fnl.pdf\">Symposium sanofi Regards crois\u00e9s sur le diab\u00e8te complex d\u00e9fis, solutions et innovations . <b>A. Zaamouche<\/b><\/a><b><\/b><a href=\"https:\/\/ailadz.com\/wp-content\/uploads\/2025\/11\/1.r.malek_.pdf\"><b><\/b><\/a><\/li>\n<li><a href=\"https:\/\/ailadz.com\/wp-content\/uploads\/2025\/11\/6Ait-Oufella_2025_Alger.pdf\">Conf\u00e9rence : La colchicine : un nouveau traitement des maladies cardio-vasculaires.<b> H.Ait Oufella, Paris<\/b><\/a><b><\/b><a href=\"https:\/\/ailadz.com\/wp-content\/uploads\/2025\/11\/1.r.malek_.pdf\"><b><\/b><\/a><\/li>\n<\/ul>\n<p><span style=\"letter-spacing: 0.24px; background-color: rgba(0, 0, 0, 0);\"><\/span><\/p>\n<div style=\"text-align: center;\"><span style=\"background-color: rgba(0, 0, 0, 0); letter-spacing: 0.24px;\"><b><u>5\u00e8me session : Diab\u00e8te<\/u><\/b><\/span><\/div>\n<\/p>\n<ul>\n<li><a href=\"https:\/\/ailadz.com\/wp-content\/uploads\/2025\/11\/1.r.malek_.pdf\">Diab\u00e8te et innovations th\u00e9rapeutiques: que doit savoir l&rsquo;interniste en 2025 ? <b>R. Malek, S\u00e9tif.<\/b><\/a><\/li>\n<li><a href=\"https:\/\/ailadz.com\/wp-content\/uploads\/2025\/11\/2.s.zekri_.pdf\">Place de la variabilit\u00e9 glyc\u00e9mique dans la gestion du diab\u00e8te<b>. S. Zekri, Alger.<\/b><\/a><b><\/b><\/li>\n<li><a href=\"https:\/\/ailadz.com\/wp-content\/uploads\/2025\/11\/La-Dapagliflozine-Sympo-Consolide.pdf\"> Symposium BIO BIOCARE  : La Dapagliflozine en sant\u00e9 cardio-r\u00e9no-m\u00e9tabolique. De la preuve \u00e0 la pratique. <b>M Chettibi, A Haddam ,Alger<\/b><\/a><b><\/b><\/li>\n<li><a href=\"https:\/\/ailadz.com\/wp-content\/uploads\/2025\/11\/4.Haddam.Gestion-du-diabete-lors-dune-urgence-cardiologique-AILA.pdf\">Gestion du diab\u00e8te lors d&rsquo;une urgence cardiologique <b>A.Haddam, Alger.<\/b><\/a><b><\/b><\/li>\n<li><a href=\"https:\/\/ailadz.com\/wp-content\/uploads\/2025\/11\/5.behidj.pdf\">Diab\u00e8te sucr\u00e9: Un profil peut en cacher un autre. <b>S.A Behidj, Alger.<\/b><\/a><b><\/b><\/li>\n<li><a href=\"https:\/\/ailadz.com\/wp-content\/uploads\/2025\/11\/6.s.zekri_.pdf\">Symposium Novo: insulinoth\u00e9rapie dans le diab\u00e8te de type 2, que nous apporte Tresiba en pratique ?<b> S.<\/b> <b>Zekri, Alger<\/b><\/a><b><\/b><\/li>\n<li>Conf\u00e9rence: Les M\u00e9decins dans la r\u00e9volution <b>M.Khiati<\/b><\/li>\n<\/ul>\n<p style=\"letter-spacing: 0.24px; background-color: rgba(0, 0, 0, 0); display: inline !important; text-align: center;\"><b style=\"background-color: rgba(0, 0, 0, 0); letter-spacing: 0.24px;\"><u><\/u><\/b><\/p>\n<div>\n<p style=\"letter-spacing: 0.24px; background-color: rgba(0, 0, 0, 0); display: inline !important; text-align: center;\"><b style=\"background-color: rgba(0, 0, 0, 0); letter-spacing: 0.24px;\"><u><b style=\"background-color: rgba(0, 0, 0, 0); letter-spacing: 0.24px;\"><u><br \/><\/u><\/b><\/u><\/b><\/p>\n<\/div>\n<p style=\"text-align: center; \"><b style=\"background-color: rgba(0, 0, 0, 0); letter-spacing: 0.24px;\"><u>6\u00e8me session : Maladies cardiovasculaires (2)<\/u><\/b><\/p>\n<\/p>\n<ul>\n<li><a href=\"https:\/\/ailadz.com\/wp-content\/uploads\/2025\/11\/1-mansour.pdf\">Symposium Lilly, Evolution du traitement antidiab\u00e9tique : de l&rsquo;insuline humalog aux incr\u00e9tines.<b> A.Salah Mansour, Tizi Ouzou.<\/b><\/a><b><\/b><\/li>\n<li><a href=\"https:\/\/ailadz.com\/wp-content\/uploads\/2025\/11\/2.A.F.Bendaoud.pdf\">Hypertension du sujet \u00e2g\u00e9, <b>A. F. Bendaoud. Oran<\/b><\/a><b><\/b><\/li>\n<li><a href=\"https:\/\/ailadz.com\/wp-content\/uploads\/2025\/11\/3-BESSAIH-BENDAOUD.pdf\">Qu&rsquo;en est-il de l&rsquo;observance th\u00e9rapeutique chez le patient hypertendu Algerien ?<b>.M.Bessaih, A.F.Bendaoud, Oran.<\/b><\/a><b><\/b><\/li>\n<li>Manifestations cardiaques des maladies de surcharge.<b> A.Bouraghda, Draa ben Khedda<\/b><\/li>\n<li><a href=\"https:\/\/ailadz.com\/wp-content\/uploads\/2025\/11\/5.D.Djermane.pdf\">Identification et prise en charge de l&rsquo;insuffisance cardiaque au cours des traitements anticanc\u00e9reux.<b> D. Djermane, Alger<\/b><\/a><b><\/b><\/li>\n<li><a href=\"https:\/\/ailadz.com\/wp-content\/uploads\/2025\/11\/6.m.chettibi.pdf\">Conf\u00e9rence: L&rsquo;Essentiel de l&rsquo;ESC. <b>M. Chettibi, Alger<\/b><\/a><b><\/b><\/li>\n<\/ul>\n<ul>\n<\/ul>\n<\/div><\/div><\/div><\/div><\/div>\n","protected":false},"excerpt":{"rendered":"","protected":false},"author":4,"featured_media":0,"parent":0,"menu_order":0,"comment_status":"closed","ping_status":"closed","template":"100-width.php","meta":{"footnotes":""},"class_list":["post-736","page","type-page","status-publish","hentry"],"_links":{"self":[{"href":"https:\/\/ailadz.com\/index.php\/wp-json\/wp\/v2\/pages\/736","targetHints":{"allow":["GET"]}}],"collection":[{"href":"https:\/\/ailadz.com\/index.php\/wp-json\/wp\/v2\/pages"}],"about":[{"href":"https:\/\/ailadz.com\/index.php\/wp-json\/wp\/v2\/types\/page"}],"author":[{"embeddable":true,"href":"https:\/\/ailadz.com\/index.php\/wp-json\/wp\/v2\/users\/4"}],"replies":[{"embeddable":true,"href":"https:\/\/ailadz.com\/index.php\/wp-json\/wp\/v2\/comments?post=736"}],"version-history":[{"count":22,"href":"https:\/\/ailadz.com\/index.php\/wp-json\/wp\/v2\/pages\/736\/revisions"}],"predecessor-version":[{"id":1080,"href":"https:\/\/ailadz.com\/index.php\/wp-json\/wp\/v2\/pages\/736\/revisions\/1080"}],"wp:attachment":[{"href":"https:\/\/ailadz.com\/index.php\/wp-json\/wp\/v2\/media?parent=736"}],"curies":[{"name":"wp","href":"https:\/\/api.w.org\/{rel}","templated":true}]}}